{"id":1403,"date":"2023-04-11T21:43:39","date_gmt":"2023-04-11T21:43:39","guid":{"rendered":"https:\/\/siervasdelamadrededios.org\/?page_id=1403"},"modified":"2026-02-16T18:53:53","modified_gmt":"2026-02-16T18:53:53","slug":"hogar-infantil-blanca-nieves","status":"publish","type":"page","link":"https:\/\/siervasdelamadrededios.org\/?page_id=1403","title":{"rendered":"HOGAR INFANTIL BLANCA NIEVES"},"content":{"rendered":"\t\t<div data-elementor-type=\"wp-page\" data-elementor-id=\"1403\" class=\"elementor elementor-1403\" data-elementor-post-type=\"page\">\n\t\t\t\t\t\t<section class=\"elementor-section elementor-top-section elementor-element elementor-element-526fdfc2 elementor-section-boxed elementor-section-height-default elementor-section-height-default\" data-id=\"526fdfc2\" data-element_type=\"section\" data-e-type=\"section\" data-settings=\"{&quot;background_background&quot;:&quot;classic&quot;}\">\n\t\t\t\t\t\t\t<div class=\"elementor-background-overlay\"><\/div>\n\t\t\t\t\t\t\t<div class=\"elementor-container elementor-column-gap-default\">\n\t\t\t\t\t<div class=\"elementor-column elementor-col-100 elementor-top-column elementor-element elementor-element-e41020f\" data-id=\"e41020f\" data-element_type=\"column\" data-e-type=\"column\">\n\t\t\t<div class=\"elementor-widget-wrap elementor-element-populated\">\n\t\t\t\t\t\t<div class=\"elementor-element elementor-element-534e395 elementor-widget elementor-widget-heading\" data-id=\"534e395\" data-element_type=\"widget\" data-e-type=\"widget\" data-widget_type=\"heading.default\">\n\t\t\t\t<div class=\"elementor-widget-container\">\n\t\t\t\t\t<h1 class=\"elementor-heading-title elementor-size-default\">HOGAR INFANTIL <br>BLANCA NIEVES <\/h1>\t\t\t\t<\/div>\n\t\t\t\t<\/div>\n\t\t\t\t\t<\/div>\n\t\t<\/div>\n\t\t\t\t\t<\/div>\n\t\t<\/section>\n\t\t\t\t<section class=\"elementor-section elementor-top-section elementor-element elementor-element-dcc628f elementor-section-boxed elementor-section-height-default elementor-section-height-default\" data-id=\"dcc628f\" data-element_type=\"section\" data-e-type=\"section\">\n\t\t\t\t\t\t<div class=\"elementor-container elementor-column-gap-default\">\n\t\t\t\t\t<div class=\"elementor-column elementor-col-50 elementor-top-column elementor-element elementor-element-445dc893\" data-id=\"445dc893\" data-element_type=\"column\" data-e-type=\"column\">\n\t\t\t<div class=\"elementor-widget-wrap elementor-element-populated\">\n\t\t\t\t\t\t<div class=\"elementor-element elementor-element-41589e5f elementor-widget elementor-widget-heading\" data-id=\"41589e5f\" data-element_type=\"widget\" data-e-type=\"widget\" data-widget_type=\"heading.default\">\n\t\t\t\t<div class=\"elementor-widget-container\">\n\t\t\t\t\t<h2 class=\"elementor-heading-title elementor-size-default\">RESE\u00d1A DE LA OBRA<\/h2>\t\t\t\t<\/div>\n\t\t\t\t<\/div>\n\t\t\t\t<div class=\"elementor-element elementor-element-5d02b4f5 elementor-widget-divider--view-line elementor-widget elementor-widget-divider\" data-id=\"5d02b4f5\" data-element_type=\"widget\" data-e-type=\"widget\" data-widget_type=\"divider.default\">\n\t\t\t\t<div class=\"elementor-widget-container\">\n\t\t\t\t\t\t\t<div class=\"elementor-divider\">\n\t\t\t<span class=\"elementor-divider-separator\">\n\t\t\t\t\t\t<\/span>\n\t\t<\/div>\n\t\t\t\t\t\t<\/div>\n\t\t\t\t<\/div>\n\t\t\t\t<div class=\"elementor-element elementor-element-63962721 elementor-widget elementor-widget-text-editor\" data-id=\"63962721\" data-element_type=\"widget\" data-e-type=\"widget\" data-widget_type=\"text-editor.default\">\n\t\t\t\t<div class=\"elementor-widget-container\">\n\t\t\t\t\t\t\t\t\t<p>El Hogar Infantil Blanca Nieves es una Instituci\u00f3n \u00a0auspiciada por el Instituto Colombiano de Bienestar Bienestar Familiar, y dirigido \u00a0 por las hermanas de la \u00a0Comunidad Siervas de la Madre de Dios, fundado en el a\u00f1o 1978 bajo la protecci\u00f3n de Mar\u00eda Virgen \u00a0y Madre, para el servicio y la protecci\u00f3n de la ni\u00f1ez desarrollando un trabajo mancomunado con el Padre de Familia donde se trabaje por el desarrollo integral del ni\u00f1o y la ni\u00f1a mediante la sensibilizaci\u00f3n religiosa, \u00e9tica \u00a0y social.<\/p>\t\t\t\t\t\t\t\t<\/div>\n\t\t\t\t<\/div>\n\t\t\t\t\t<\/div>\n\t\t<\/div>\n\t\t\t\t<div class=\"elementor-column elementor-col-50 elementor-top-column elementor-element elementor-element-4306ebd8\" data-id=\"4306ebd8\" data-element_type=\"column\" data-e-type=\"column\">\n\t\t\t<div class=\"elementor-widget-wrap elementor-element-populated\">\n\t\t\t\t\t\t<div class=\"elementor-element elementor-element-418ca441 elementor-widget elementor-widget-image\" data-id=\"418ca441\" data-element_type=\"widget\" data-e-type=\"widget\" data-widget_type=\"image.default\">\n\t\t\t\t<div class=\"elementor-widget-container\">\n\t\t\t\t\t\t\t\t\t\t\t\t\t\t\t<img fetchpriority=\"high\" decoding=\"async\" width=\"1920\" height=\"1080\" src=\"https:\/\/siervasdelamadrededios.org\/wp-content\/uploads\/2026\/02\/MVI_8243.00_00_05_08.Imagen-fija008.jpg\" class=\"attachment-full size-full wp-image-3025\" alt=\"\" srcset=\"https:\/\/siervasdelamadrededios.org\/wp-content\/uploads\/2026\/02\/MVI_8243.00_00_05_08.Imagen-fija008.jpg 1920w, https:\/\/siervasdelamadrededios.org\/wp-content\/uploads\/2026\/02\/MVI_8243.00_00_05_08.Imagen-fija008-300x169.jpg 300w, https:\/\/siervasdelamadrededios.org\/wp-content\/uploads\/2026\/02\/MVI_8243.00_00_05_08.Imagen-fija008-1024x576.jpg 1024w, https:\/\/siervasdelamadrededios.org\/wp-content\/uploads\/2026\/02\/MVI_8243.00_00_05_08.Imagen-fija008-768x432.jpg 768w, https:\/\/siervasdelamadrededios.org\/wp-content\/uploads\/2026\/02\/MVI_8243.00_00_05_08.Imagen-fija008-1536x864.jpg 1536w\" sizes=\"(max-width: 1920px) 100vw, 1920px\" \/>\t\t\t\t\t\t\t\t\t\t\t\t\t\t\t<\/div>\n\t\t\t\t<\/div>\n\t\t\t\t\t<\/div>\n\t\t<\/div>\n\t\t\t\t\t<\/div>\n\t\t<\/section>\n\t\t\t\t<section class=\"elementor-section elementor-top-section elementor-element elementor-element-753c8909 elementor-section-boxed elementor-section-height-default elementor-section-height-default\" data-id=\"753c8909\" data-element_type=\"section\" data-e-type=\"section\">\n\t\t\t\t\t\t<div class=\"elementor-container elementor-column-gap-default\">\n\t\t\t\t\t<div class=\"elementor-column elementor-col-100 elementor-top-column elementor-element elementor-element-563af91\" data-id=\"563af91\" data-element_type=\"column\" data-e-type=\"column\">\n\t\t\t<div class=\"elementor-widget-wrap elementor-element-populated\">\n\t\t\t\t\t\t<div class=\"elementor-element elementor-element-b9f07fd elementor-widget elementor-widget-video\" data-id=\"b9f07fd\" data-element_type=\"widget\" data-e-type=\"widget\" data-settings=\"{&quot;video_type&quot;:&quot;hosted&quot;,&quot;controls&quot;:&quot;yes&quot;}\" data-widget_type=\"video.default\">\n\t\t\t\t<div class=\"elementor-widget-container\">\n\t\t\t\t\t\t\t<div class=\"e-hosted-video elementor-wrapper elementor-open-inline\">\n\t\t\t\t\t<video class=\"elementor-video\" src=\"https:\/\/siervasdelamadrededios.org\/wp-content\/uploads\/2026\/02\/BLANCA-NIEVES.mp4\" controls=\"\" preload=\"metadata\" controlsList=\"nodownload\"><\/video>\n\t\t\t\t<\/div>\n\t\t\t\t\t\t<\/div>\n\t\t\t\t<\/div>\n\t\t\t\t\t<\/div>\n\t\t<\/div>\n\t\t\t\t\t<\/div>\n\t\t<\/section>\n\t\t\t\t<section class=\"elementor-section elementor-top-section elementor-element elementor-element-6f5ad86 elementor-section-boxed elementor-section-height-default elementor-section-height-default\" data-id=\"6f5ad86\" data-element_type=\"section\" data-e-type=\"section\">\n\t\t\t\t\t\t<div class=\"elementor-container elementor-column-gap-default\">\n\t\t\t\t\t<div class=\"elementor-column elementor-col-100 elementor-top-column elementor-element elementor-element-9be630a\" data-id=\"9be630a\" data-element_type=\"column\" data-e-type=\"column\">\n\t\t\t<div class=\"elementor-widget-wrap elementor-element-populated\">\n\t\t\t\t\t\t<div class=\"elementor-element elementor-element-266d89ca elementor-widget elementor-widget-heading\" data-id=\"266d89ca\" data-element_type=\"widget\" data-e-type=\"widget\" data-widget_type=\"heading.default\">\n\t\t\t\t<div class=\"elementor-widget-container\">\n\t\t\t\t\t<h2 class=\"elementor-heading-title elementor-size-default\">ubicaci\u00f3n de la obra<\/h2>\t\t\t\t<\/div>\n\t\t\t\t<\/div>\n\t\t\t\t<div class=\"elementor-element elementor-element-382ee476 elementor-widget-divider--view-line elementor-widget elementor-widget-divider\" data-id=\"382ee476\" data-element_type=\"widget\" data-e-type=\"widget\" data-widget_type=\"divider.default\">\n\t\t\t\t<div class=\"elementor-widget-container\">\n\t\t\t\t\t\t\t<div class=\"elementor-divider\">\n\t\t\t<span class=\"elementor-divider-separator\">\n\t\t\t\t\t\t<\/span>\n\t\t<\/div>\n\t\t\t\t\t\t<\/div>\n\t\t\t\t<\/div>\n\t\t\t\t<div class=\"elementor-element elementor-element-6e8da5ec elementor-widget elementor-widget-google_maps\" data-id=\"6e8da5ec\" data-element_type=\"widget\" data-e-type=\"widget\" data-widget_type=\"google_maps.default\">\n\t\t\t\t<div class=\"elementor-widget-container\">\n\t\t\t\t\t\t\t<div class=\"elementor-custom-embed\">\n\t\t\t<iframe loading=\"lazy\"\n\t\t\t\t\tsrc=\"https:\/\/maps.google.com\/maps?q=iglesia%20ni%C3%B1o%20pobre&#038;t=m&#038;z=10&#038;output=embed&#038;iwloc=near\"\n\t\t\t\t\ttitle=\"iglesia ni\u00f1o pobre\"\n\t\t\t\t\taria-label=\"iglesia ni\u00f1o pobre\"\n\t\t\t><\/iframe>\n\t\t<\/div>\n\t\t\t\t\t\t<\/div>\n\t\t\t\t<\/div>\n\t\t\t\t\t<\/div>\n\t\t<\/div>\n\t\t\t\t\t<\/div>\n\t\t<\/section>\n\t\t\t\t<\/div>\n\t\t","protected":false},"excerpt":{"rendered":"<p>HOGAR INFANTIL BLANCA NIEVES RESE\u00d1A DE LA OBRA El Hogar Infantil Blanca Nieves es una Instituci\u00f3n \u00a0auspiciada por el Instituto Colombiano de Bienestar Bienestar Familiar, y dirigido \u00a0 por las hermanas de la \u00a0Comunidad Siervas de la Madre de Dios, fundado en el a\u00f1o 1978 bajo la protecci\u00f3n de Mar\u00eda Virgen \u00a0y Madre, para el [&hellip;]<\/p>\n","protected":false},"author":1,"featured_media":0,"parent":0,"menu_order":0,"comment_status":"closed","ping_status":"closed","template":"","meta":{"om_disable_all_campaigns":false,"_monsterinsights_skip_tracking":false,"_monsterinsights_sitenote_active":false,"_monsterinsights_sitenote_note":"","_monsterinsights_sitenote_category":0,"site-sidebar-layout":"no-sidebar","site-content-layout":"page-builder","ast-site-content-layout":"default","site-content-style":"default","site-sidebar-style":"default","ast-global-header-display":"","ast-banner-title-visibility":"","ast-main-header-display":"","ast-hfb-above-header-display":"","ast-hfb-below-header-display":"","ast-hfb-mobile-header-display":"","site-post-title":"disabled","ast-breadcrumbs-content":"","ast-featured-img":"disabled","footer-sml-layout":"","ast-disable-related-posts":"","theme-transparent-header-meta":"enabled","adv-header-id-meta":"","stick-header-meta":"","header-above-stick-meta":"","header-main-stick-meta":"","header-below-stick-meta":"","astra-migrate-meta-layouts":"default","ast-page-background-enabled":"default","ast-page-background-meta":{"desktop":{"background-color":"","background-image":"","background-repeat":"repeat","background-position":"center center","background-size":"auto","background-attachment":"scroll","background-type":"","background-media":"","overlay-type":"","overlay-color":"","overlay-opacity":"","overlay-gradient":""},"tablet":{"background-color":"","background-image":"","background-repeat":"repeat","background-position":"center center","background-size":"auto","background-attachment":"scroll","background-type":"","background-media":"","overlay-type":"","overlay-color":"","overlay-opacity":"","overlay-gradient":""},"mobile":{"background-color":"","background-image":"","background-repeat":"repeat","background-position":"center center","background-size":"auto","background-attachment":"scroll","background-type":"","background-media":"","overlay-type":"","overlay-color":"","overlay-opacity":"","overlay-gradient":""}},"ast-content-background-meta":{"desktop":{"background-color":"var(--ast-global-color-5)","background-image":"","background-repeat":"repeat","background-position":"center center","background-size":"auto","background-attachment":"scroll","background-type":"","background-media":"","overlay-type":"","overlay-color":"","overlay-opacity":"","overlay-gradient":""},"tablet":{"background-color":"var(--ast-global-color-5)","background-image":"","background-repeat":"repeat","background-position":"center center","background-size":"auto","background-attachment":"scroll","background-type":"","background-media":"","overlay-type":"","overlay-color":"","overlay-opacity":"","overlay-gradient":""},"mobile":{"background-color":"var(--ast-global-color-5)","background-image":"","background-repeat":"repeat","background-position":"center center","background-size":"auto","background-attachment":"scroll","background-type":"","background-media":"","overlay-type":"","overlay-color":"","overlay-opacity":"","overlay-gradient":""}},"footnotes":""},"class_list":["post-1403","page","type-page","status-publish","hentry"],"yoast_head":"<!-- This site is optimized with the Yoast SEO plugin v27.4 - https:\/\/yoast.com\/product\/yoast-seo-wordpress\/ -->\n<title>HOGAR INFANTIL BLANCA NIEVES - Siervas de la Madre de Dios<\/title>\n<meta name=\"robots\" content=\"index, follow, max-snippet:-1, max-image-preview:large, max-video-preview:-1\" \/>\n<link rel=\"canonical\" href=\"https:\/\/siervasdelamadrededios.org\/?page_id=1403\" \/>\n<meta property=\"og:locale\" content=\"es_ES\" \/>\n<meta property=\"og:type\" content=\"article\" \/>\n<meta property=\"og:title\" content=\"HOGAR INFANTIL BLANCA NIEVES - Siervas de la Madre de Dios\" \/>\n<meta property=\"og:description\" content=\"HOGAR INFANTIL BLANCA NIEVES RESE\u00d1A DE LA OBRA El Hogar Infantil Blanca Nieves es una Instituci\u00f3n \u00a0auspiciada por el Instituto Colombiano de Bienestar Bienestar Familiar, y dirigido \u00a0 por las hermanas de la \u00a0Comunidad Siervas de la Madre de Dios, fundado en el a\u00f1o 1978 bajo la protecci\u00f3n de Mar\u00eda Virgen \u00a0y Madre, para el [&hellip;]\" \/>\n<meta property=\"og:url\" content=\"https:\/\/siervasdelamadrededios.org\/?page_id=1403\" \/>\n<meta property=\"og:site_name\" content=\"Siervas de la Madre de Dios\" \/>\n<meta property=\"article:modified_time\" content=\"2026-02-16T18:53:53+00:00\" \/>\n<meta property=\"og:image\" content=\"https:\/\/siervasdelamadrededios.org\/wp-content\/uploads\/2026\/02\/MVI_8243.00_00_05_08.Imagen-fija008.jpg\" \/>\n\t<meta property=\"og:image:width\" content=\"1920\" \/>\n\t<meta property=\"og:image:height\" content=\"1080\" \/>\n\t<meta property=\"og:image:type\" content=\"image\/jpeg\" \/>\n<meta name=\"twitter:card\" content=\"summary_large_image\" \/>\n<meta name=\"twitter:label1\" content=\"Tiempo de lectura\" \/>\n\t<meta name=\"twitter:data1\" content=\"1 minuto\" \/>\n<script type=\"application\/ld+json\" class=\"yoast-schema-graph\">{\"@context\":\"https:\\\/\\\/schema.org\",\"@graph\":[{\"@type\":\"WebPage\",\"@id\":\"https:\\\/\\\/siervasdelamadrededios.org\\\/?page_id=1403\",\"url\":\"https:\\\/\\\/siervasdelamadrededios.org\\\/?page_id=1403\",\"name\":\"HOGAR INFANTIL BLANCA NIEVES - Siervas de la Madre de Dios\",\"isPartOf\":{\"@id\":\"https:\\\/\\\/siervasdelamadrededios.org\\\/#website\"},\"primaryImageOfPage\":{\"@id\":\"https:\\\/\\\/siervasdelamadrededios.org\\\/?page_id=1403#primaryimage\"},\"image\":{\"@id\":\"https:\\\/\\\/siervasdelamadrededios.org\\\/?page_id=1403#primaryimage\"},\"thumbnailUrl\":\"https:\\\/\\\/siervasdelamadrededios.org\\\/wp-content\\\/uploads\\\/2026\\\/02\\\/MVI_8243.00_00_05_08.Imagen-fija008.jpg\",\"datePublished\":\"2023-04-11T21:43:39+00:00\",\"dateModified\":\"2026-02-16T18:53:53+00:00\",\"breadcrumb\":{\"@id\":\"https:\\\/\\\/siervasdelamadrededios.org\\\/?page_id=1403#breadcrumb\"},\"inLanguage\":\"es-CO\",\"potentialAction\":[{\"@type\":\"ReadAction\",\"target\":[\"https:\\\/\\\/siervasdelamadrededios.org\\\/?page_id=1403\"]}]},{\"@type\":\"ImageObject\",\"inLanguage\":\"es-CO\",\"@id\":\"https:\\\/\\\/siervasdelamadrededios.org\\\/?page_id=1403#primaryimage\",\"url\":\"https:\\\/\\\/siervasdelamadrededios.org\\\/wp-content\\\/uploads\\\/2026\\\/02\\\/MVI_8243.00_00_05_08.Imagen-fija008.jpg\",\"contentUrl\":\"https:\\\/\\\/siervasdelamadrededios.org\\\/wp-content\\\/uploads\\\/2026\\\/02\\\/MVI_8243.00_00_05_08.Imagen-fija008.jpg\",\"width\":1920,\"height\":1080},{\"@type\":\"BreadcrumbList\",\"@id\":\"https:\\\/\\\/siervasdelamadrededios.org\\\/?page_id=1403#breadcrumb\",\"itemListElement\":[{\"@type\":\"ListItem\",\"position\":1,\"name\":\"Inicio\",\"item\":\"https:\\\/\\\/siervasdelamadrededios.org\\\/\"},{\"@type\":\"ListItem\",\"position\":2,\"name\":\"HOGAR INFANTIL BLANCA NIEVES\"}]},{\"@type\":\"WebSite\",\"@id\":\"https:\\\/\\\/siervasdelamadrededios.org\\\/#website\",\"url\":\"https:\\\/\\\/siervasdelamadrededios.org\\\/\",\"name\":\"Siervas de la Madre de Dios\",\"description\":\"Congregaci\u00f3n Religiosa\",\"publisher\":{\"@id\":\"https:\\\/\\\/siervasdelamadrededios.org\\\/#organization\"},\"potentialAction\":[{\"@type\":\"SearchAction\",\"target\":{\"@type\":\"EntryPoint\",\"urlTemplate\":\"https:\\\/\\\/siervasdelamadrededios.org\\\/?s={search_term_string}\"},\"query-input\":{\"@type\":\"PropertyValueSpecification\",\"valueRequired\":true,\"valueName\":\"search_term_string\"}}],\"inLanguage\":\"es-CO\"},{\"@type\":\"Organization\",\"@id\":\"https:\\\/\\\/siervasdelamadrededios.org\\\/#organization\",\"name\":\"Siervas de la Madre de Dios\",\"url\":\"https:\\\/\\\/siervasdelamadrededios.org\\\/\",\"logo\":{\"@type\":\"ImageObject\",\"inLanguage\":\"es-CO\",\"@id\":\"https:\\\/\\\/siervasdelamadrededios.org\\\/#\\\/schema\\\/logo\\\/image\\\/\",\"url\":\"https:\\\/\\\/siervasdelamadrededios.org\\\/wp-content\\\/uploads\\\/2022\\\/12\\\/Logo-SMD-Menu2-GRIS.svg\",\"contentUrl\":\"https:\\\/\\\/siervasdelamadrededios.org\\\/wp-content\\\/uploads\\\/2022\\\/12\\\/Logo-SMD-Menu2-GRIS.svg\",\"width\":255,\"height\":200,\"caption\":\"Siervas de la Madre de Dios\"},\"image\":{\"@id\":\"https:\\\/\\\/siervasdelamadrededios.org\\\/#\\\/schema\\\/logo\\\/image\\\/\"}}]}<\/script>\n<!-- \/ Yoast SEO plugin. -->","yoast_head_json":{"title":"HOGAR INFANTIL BLANCA NIEVES - Siervas de la Madre de Dios","robots":{"index":"index","follow":"follow","max-snippet":"max-snippet:-1","max-image-preview":"max-image-preview:large","max-video-preview":"max-video-preview:-1"},"canonical":"https:\/\/siervasdelamadrededios.org\/?page_id=1403","og_locale":"es_ES","og_type":"article","og_title":"HOGAR INFANTIL BLANCA NIEVES - Siervas de la Madre de Dios","og_description":"HOGAR INFANTIL BLANCA NIEVES RESE\u00d1A DE LA OBRA El Hogar Infantil Blanca Nieves es una Instituci\u00f3n \u00a0auspiciada por el Instituto Colombiano de Bienestar Bienestar Familiar, y dirigido \u00a0 por las hermanas de la \u00a0Comunidad Siervas de la Madre de Dios, fundado en el a\u00f1o 1978 bajo la protecci\u00f3n de Mar\u00eda Virgen \u00a0y Madre, para el [&hellip;]","og_url":"https:\/\/siervasdelamadrededios.org\/?page_id=1403","og_site_name":"Siervas de la Madre de Dios","article_modified_time":"2026-02-16T18:53:53+00:00","og_image":[{"width":1920,"height":1080,"url":"https:\/\/siervasdelamadrededios.org\/wp-content\/uploads\/2026\/02\/MVI_8243.00_00_05_08.Imagen-fija008.jpg","type":"image\/jpeg"}],"twitter_card":"summary_large_image","twitter_misc":{"Tiempo de lectura":"1 minuto"},"schema":{"@context":"https:\/\/schema.org","@graph":[{"@type":"WebPage","@id":"https:\/\/siervasdelamadrededios.org\/?page_id=1403","url":"https:\/\/siervasdelamadrededios.org\/?page_id=1403","name":"HOGAR INFANTIL BLANCA NIEVES - Siervas de la Madre de Dios","isPartOf":{"@id":"https:\/\/siervasdelamadrededios.org\/#website"},"primaryImageOfPage":{"@id":"https:\/\/siervasdelamadrededios.org\/?page_id=1403#primaryimage"},"image":{"@id":"https:\/\/siervasdelamadrededios.org\/?page_id=1403#primaryimage"},"thumbnailUrl":"https:\/\/siervasdelamadrededios.org\/wp-content\/uploads\/2026\/02\/MVI_8243.00_00_05_08.Imagen-fija008.jpg","datePublished":"2023-04-11T21:43:39+00:00","dateModified":"2026-02-16T18:53:53+00:00","breadcrumb":{"@id":"https:\/\/siervasdelamadrededios.org\/?page_id=1403#breadcrumb"},"inLanguage":"es-CO","potentialAction":[{"@type":"ReadAction","target":["https:\/\/siervasdelamadrededios.org\/?page_id=1403"]}]},{"@type":"ImageObject","inLanguage":"es-CO","@id":"https:\/\/siervasdelamadrededios.org\/?page_id=1403#primaryimage","url":"https:\/\/siervasdelamadrededios.org\/wp-content\/uploads\/2026\/02\/MVI_8243.00_00_05_08.Imagen-fija008.jpg","contentUrl":"https:\/\/siervasdelamadrededios.org\/wp-content\/uploads\/2026\/02\/MVI_8243.00_00_05_08.Imagen-fija008.jpg","width":1920,"height":1080},{"@type":"BreadcrumbList","@id":"https:\/\/siervasdelamadrededios.org\/?page_id=1403#breadcrumb","itemListElement":[{"@type":"ListItem","position":1,"name":"Inicio","item":"https:\/\/siervasdelamadrededios.org\/"},{"@type":"ListItem","position":2,"name":"HOGAR INFANTIL BLANCA NIEVES"}]},{"@type":"WebSite","@id":"https:\/\/siervasdelamadrededios.org\/#website","url":"https:\/\/siervasdelamadrededios.org\/","name":"Siervas de la Madre de Dios","description":"Congregaci\u00f3n Religiosa","publisher":{"@id":"https:\/\/siervasdelamadrededios.org\/#organization"},"potentialAction":[{"@type":"SearchAction","target":{"@type":"EntryPoint","urlTemplate":"https:\/\/siervasdelamadrededios.org\/?s={search_term_string}"},"query-input":{"@type":"PropertyValueSpecification","valueRequired":true,"valueName":"search_term_string"}}],"inLanguage":"es-CO"},{"@type":"Organization","@id":"https:\/\/siervasdelamadrededios.org\/#organization","name":"Siervas de la Madre de Dios","url":"https:\/\/siervasdelamadrededios.org\/","logo":{"@type":"ImageObject","inLanguage":"es-CO","@id":"https:\/\/siervasdelamadrededios.org\/#\/schema\/logo\/image\/","url":"https:\/\/siervasdelamadrededios.org\/wp-content\/uploads\/2022\/12\/Logo-SMD-Menu2-GRIS.svg","contentUrl":"https:\/\/siervasdelamadrededios.org\/wp-content\/uploads\/2022\/12\/Logo-SMD-Menu2-GRIS.svg","width":255,"height":200,"caption":"Siervas de la Madre de Dios"},"image":{"@id":"https:\/\/siervasdelamadrededios.org\/#\/schema\/logo\/image\/"}}]}},"_links":{"self":[{"href":"https:\/\/siervasdelamadrededios.org\/index.php?rest_route=\/wp\/v2\/pages\/1403","targetHints":{"allow":["GET"]}}],"collection":[{"href":"https:\/\/siervasdelamadrededios.org\/index.php?rest_route=\/wp\/v2\/pages"}],"about":[{"href":"https:\/\/siervasdelamadrededios.org\/index.php?rest_route=\/wp\/v2\/types\/page"}],"author":[{"embeddable":true,"href":"https:\/\/siervasdelamadrededios.org\/index.php?rest_route=\/wp\/v2\/users\/1"}],"replies":[{"embeddable":true,"href":"https:\/\/siervasdelamadrededios.org\/index.php?rest_route=%2Fwp%2Fv2%2Fcomments&post=1403"}],"version-history":[{"count":12,"href":"https:\/\/siervasdelamadrededios.org\/index.php?rest_route=\/wp\/v2\/pages\/1403\/revisions"}],"predecessor-version":[{"id":3032,"href":"https:\/\/siervasdelamadrededios.org\/index.php?rest_route=\/wp\/v2\/pages\/1403\/revisions\/3032"}],"wp:attachment":[{"href":"https:\/\/siervasdelamadrededios.org\/index.php?rest_route=%2Fwp%2Fv2%2Fmedia&parent=1403"}],"curies":[{"name":"wp","href":"https:\/\/api.w.org\/{rel}","templated":true}]}}